{"id":1019,"date":"2023-02-14T20:36:34","date_gmt":"2023-02-14T19:36:34","guid":{"rendered":"https:\/\/iwex.olsztyn.pl\/?page_id=1019"},"modified":"2024-07-07T14:49:03","modified_gmt":"2024-07-07T12:49:03","slug":"jobs","status":"publish","type":"page","link":"https:\/\/iwex.olsztyn.pl\/index.php\/de\/jobs\/","title":{"rendered":"Jobs"},"content":{"rendered":"\t\t<div data-elementor-type=\"wp-page\" data-elementor-id=\"1019\" class=\"elementor elementor-1019\" data-elementor-settings=\"{&quot;ha_cmc_init_switcher&quot;:&quot;no&quot;}\" data-elementor-post-type=\"page\">\n\t\t\t\t\t\t<section class=\"elementor-section elementor-top-section elementor-element elementor-element-a11406f elementor-section-stretched elementor-section-full_width elementor-section-content-middle elementor-reverse-mobile elementor-section-height-default elementor-section-height-default\" data-id=\"a11406f\" data-element_type=\"section\" data-e-type=\"section\" data-settings=\"{&quot;stretch_section&quot;:&quot;section-stretched&quot;,&quot;background_background&quot;:&quot;classic&quot;,&quot;_ha_eqh_enable&quot;:false}\">\n\t\t\t\t\t\t\t<div class=\"elementor-background-overlay\"><\/div>\n\t\t\t\t\t\t\t<div class=\"elementor-container elementor-column-gap-default\">\n\t\t\t\t\t<div class=\"elementor-column elementor-col-100 elementor-top-column elementor-element elementor-element-757876c\" data-id=\"757876c\" data-element_type=\"column\" data-e-type=\"column\">\n\t\t\t<div class=\"elementor-widget-wrap elementor-element-populated\">\n\t\t\t\t\t\t<section class=\"elementor-section elementor-inner-section elementor-element elementor-element-51e2615 elementor-section-boxed elementor-section-height-default elementor-section-height-default\" data-id=\"51e2615\" data-element_type=\"section\" data-e-type=\"section\" data-settings=\"{&quot;_ha_eqh_enable&quot;:false}\">\n\t\t\t\t\t\t<div class=\"elementor-container elementor-column-gap-default\">\n\t\t\t\t\t<div class=\"elementor-column elementor-col-100 elementor-inner-column elementor-element elementor-element-02c4cef\" data-id=\"02c4cef\" data-element_type=\"column\" data-e-type=\"column\" data-settings=\"{&quot;animation_tablet&quot;:&quot;fadeInRight&quot;}\">\n\t\t\t<div class=\"elementor-widget-wrap elementor-element-populated\">\n\t\t\t\t\t\t<div class=\"elementor-element elementor-element-00147f8 elementor-widget elementor-widget-heading\" data-id=\"00147f8\" data-element_type=\"widget\" data-e-type=\"widget\" data-widget_type=\"heading.default\">\n\t\t\t\t\t<h1 class=\"elementor-heading-title elementor-size-default\">BEGLEITEN SIE UNS!<\/h1>\t\t\t\t<\/div>\n\t\t\t\t<div class=\"elementor-element elementor-element-6e22362 elementor-widget elementor-widget-text-editor\" data-id=\"6e22362\" data-element_type=\"widget\" data-e-type=\"widget\" data-widget_type=\"text-editor.default\">\n\t\t\t\t\t\t\t\t\t<p style=\"text-align: center;\">Wenn Sie sich f\u00fcr das Schwei\u00dfen und die Montage von Edelstahlelementen interessieren<\/p><p style=\"text-align: center;\">&#8211; IWEX Sp. z o.o. Dies ist der richtige Ort f\u00fcr Sie.<\/p><p style=\"text-align: center;\"><a href=\"mailto:w.trojanowska@iwex.olsztyn.pl\">Kontaktieren Sie<\/a> uns und wir beantworten Ihre Fragen.<\/p>\t\t\t\t\t\t\t\t<\/div>\n\t\t\t\t<div class=\"elementor-element elementor-element-cf8fa97 elementor-widget elementor-widget-image\" data-id=\"cf8fa97\" data-element_type=\"widget\" data-e-type=\"widget\" data-widget_type=\"image.default\">\n\t\t\t\t\t\t\t\t\t\t\t\t\t\t\t<img decoding=\"async\" width=\"300\" height=\"94\" src=\"https:\/\/iwex.olsztyn.pl\/wp-content\/uploads\/2022\/08\/PNG-EFEKT-STAL-2-300x94.png\" class=\"attachment-medium size-medium wp-image-3018\" alt=\"IWEX Sp. z O.O.\" srcset=\"https:\/\/iwex.olsztyn.pl\/wp-content\/uploads\/2022\/08\/PNG-EFEKT-STAL-2-300x94.png 300w, https:\/\/iwex.olsztyn.pl\/wp-content\/uploads\/2022\/08\/PNG-EFEKT-STAL-2-1024x322.webp 1024w, https:\/\/iwex.olsztyn.pl\/wp-content\/uploads\/2022\/08\/PNG-EFEKT-STAL-2-768x241.webp 768w, https:\/\/iwex.olsztyn.pl\/wp-content\/uploads\/2022\/08\/PNG-EFEKT-STAL-2.webp 1356w\" sizes=\"(max-width: 300px) 100vw, 300px\" \/>\t\t\t\t\t\t\t\t\t\t\t\t\t\t\t<\/div>\n\t\t\t\t<div class=\"elementor-element elementor-element-a4e9676 elementor-widget elementor-widget-heading\" data-id=\"a4e9676\" data-element_type=\"widget\" data-e-type=\"widget\" data-settings=\"{&quot;_animation_tablet&quot;:&quot;fadeIn&quot;}\" data-widget_type=\"heading.default\">\n\t\t\t\t\t<h1 class=\"elementor-heading-title elementor-size-default\">Wir suchen Mitarbeiter f\u00fcr folgende Stellen:<\/h1>\t\t\t\t<\/div>\n\t\t\t\t\t<\/div>\n\t\t<\/div>\n\t\t\t\t\t<\/div>\n\t\t<\/section>\n\t\t\t\t<section class=\"elementor-section elementor-inner-section elementor-element elementor-element-6b9943d elementor-section-boxed elementor-section-height-default elementor-section-height-default\" data-id=\"6b9943d\" data-element_type=\"section\" data-e-type=\"section\" data-settings=\"{&quot;_ha_eqh_enable&quot;:false}\">\n\t\t\t\t\t\t<div class=\"elementor-container elementor-column-gap-default\">\n\t\t\t\t\t<div class=\"elementor-column elementor-col-100 elementor-inner-column elementor-element elementor-element-3f04307\" data-id=\"3f04307\" data-element_type=\"column\" data-e-type=\"column\">\n\t\t\t<div class=\"elementor-widget-wrap elementor-element-populated\">\n\t\t\t\t<div class=\"elementor-element elementor-element-e36d5cb e-grid e-con-boxed e-con e-parent\" data-id=\"e36d5cb\" data-element_type=\"container\" data-e-type=\"container\" data-settings=\"{&quot;_ha_eqh_enable&quot;:false}\">\n\t\t\t\t\t<div class=\"e-con-inner\">\n\t\t\t\t<div class=\"elementor-element elementor-element-e3d111b premium-banner-responsive-yes elementor-widget elementor-widget-premium-addon-banner\" data-id=\"e3d111b\" data-element_type=\"widget\" data-e-type=\"widget\" data-widget_type=\"premium-addon-banner.default\">\n\t\t\t\t\t\t\t<div class=\"premium-banner-ib premium-banner-min-height premium-banner-animation10 scale premium-banner__effect-type2\">\n\t\t\t\t\t\t\t\t\t\t<img fetchpriority=\"high\" decoding=\"async\" width=\"768\" height=\"343\" src=\"https:\/\/iwex.olsztyn.pl\/wp-content\/uploads\/2024\/03\/spawacz_TIG-768x343.webp\" class=\"attachment-medium_large size-medium_large wp-image-4154\" alt=\"spawacz TIG\" srcset=\"https:\/\/iwex.olsztyn.pl\/wp-content\/uploads\/2024\/03\/spawacz_TIG-768x343.webp 768w, https:\/\/iwex.olsztyn.pl\/wp-content\/uploads\/2024\/03\/spawacz_TIG-300x134.webp 300w, https:\/\/iwex.olsztyn.pl\/wp-content\/uploads\/2024\/03\/spawacz_TIG.webp 800w\" sizes=\"(max-width: 768px) 100vw, 768px\" \/>\t\t\t\t\t\t\t\t\t<div class=\"premium-banner-ib-desc\">\n\t\t\t\t\n\t\t\t\t\t\t\t\t\t<h2 class=\"premium-banner-ib-title premium_banner_title\">\n\t\t\t\t\t\tTIG-Schwei\u00dfer\t\t\t\t\t<\/h2>\n\t\t\t\t\n\t\t\t\t\t\t\t\t\t<div class=\"premium-banner-ib-content premium_banner_content\">\n\t\t\t\t\t\t<p>Wir suchen erfahrene TIG-Schwei\u00dfer mit vorz\u00fcglichen Schwei\u00dfer-Qualifikationen.<\/p>\t\t\t\t\t<\/div>\n\t\t\t\t\n\t\t\t\t\n\t\t\t\t\t\t\t<\/div>\n\t\t\t\t\t<\/div>\n\n\t\t\t\t\t\t<\/div>\n\t\t\t\t<div class=\"elementor-element elementor-element-5fa9130 premium-banner-responsive-yes elementor-widget elementor-widget-premium-addon-banner\" data-id=\"5fa9130\" data-element_type=\"widget\" data-e-type=\"widget\" data-widget_type=\"premium-addon-banner.default\">\n\t\t\t\t\t\t\t<div class=\"premium-banner-ib premium-banner-min-height premium-banner-animation10 scale premium-banner__effect-type2\">\n\t\t\t\t\t\t\t\t\t\t<img decoding=\"async\" width=\"536\" height=\"357\" src=\"https:\/\/iwex.olsztyn.pl\/wp-content\/uploads\/2024\/03\/slusarz.webp\" class=\"attachment-medium_large size-medium_large wp-image-4194\" alt=\"Monter slusarz\" srcset=\"https:\/\/iwex.olsztyn.pl\/wp-content\/uploads\/2024\/03\/slusarz.webp 536w, https:\/\/iwex.olsztyn.pl\/wp-content\/uploads\/2024\/03\/slusarz-300x200.webp 300w\" sizes=\"(max-width: 536px) 100vw, 536px\" \/>\t\t\t\t\t\t\t\t\t<div class=\"premium-banner-ib-desc\">\n\t\t\t\t\n\t\t\t\t\t\t\t\t\t<h3 class=\"premium-banner-ib-title premium_banner_title\">\n\t\t\t\t\t\tIndustrieanlagen-<P>monteur\t\t\t\t\t<\/h3>\n\t\t\t\t\n\t\t\t\t\t\t\t\t\t<div class=\"premium-banner-ib-content premium_banner_content\">\n\t\t\t\t\t\tWir suchen erfahrene Rohrleitungsmonteure mit Kenntnissen der isometrischen und technischen Zeichnung.\t\t\t\t\t<\/div>\n\t\t\t\t\n\t\t\t\t\n\t\t\t\t\t\t\t<\/div>\n\t\t\t\t\t<\/div>\n\n\t\t\t\t\t\t<\/div>\n\t\t\t\t<div class=\"elementor-element elementor-element-d927831 premium-banner-responsive-yes elementor-widget elementor-widget-premium-addon-banner\" data-id=\"d927831\" data-element_type=\"widget\" data-e-type=\"widget\" data-widget_type=\"premium-addon-banner.default\">\n\t\t\t\t\t\t\t<div class=\"premium-banner-ib premium-banner-min-height premium-banner-animation10 scale premium-banner__effect-type2\">\n\t\t\t\t\t\t\t\t\t\t<img loading=\"lazy\" decoding=\"async\" width=\"768\" height=\"768\" src=\"https:\/\/iwex.olsztyn.pl\/wp-content\/uploads\/2024\/04\/Zdjecie-WhatsApp-2024-03-05-o-10.14.16_d50fffcd-768x768.jpg\" class=\"attachment-medium_large size-medium_large wp-image-4302\" alt=\"\" srcset=\"https:\/\/iwex.olsztyn.pl\/wp-content\/uploads\/2024\/04\/Zdjecie-WhatsApp-2024-03-05-o-10.14.16_d50fffcd-768x768.jpg 768w, https:\/\/iwex.olsztyn.pl\/wp-content\/uploads\/2024\/04\/Zdjecie-WhatsApp-2024-03-05-o-10.14.16_d50fffcd-300x300.webp 300w, https:\/\/iwex.olsztyn.pl\/wp-content\/uploads\/2024\/04\/Zdjecie-WhatsApp-2024-03-05-o-10.14.16_d50fffcd-150x150.webp 150w, https:\/\/iwex.olsztyn.pl\/wp-content\/uploads\/2024\/04\/Zdjecie-WhatsApp-2024-03-05-o-10.14.16_d50fffcd-600x600.webp 600w, https:\/\/iwex.olsztyn.pl\/wp-content\/uploads\/2024\/04\/Zdjecie-WhatsApp-2024-03-05-o-10.14.16_d50fffcd.jpg 1024w\" sizes=\"(max-width: 768px) 100vw, 768px\" \/>\t\t\t\t\t\t\t\t\t<div class=\"premium-banner-ib-desc\">\n\t\t\t\t\n\t\t\t\t\t\t\t\t\t<h3 class=\"premium-banner-ib-title premium_banner_title\">\n\t\t\t\t\t\tTeamleader \u2013 Vorarbeiter\t\t\t\t\t<\/h3>\n\t\t\t\t\n\t\t\t\t\t\t\t\t\t<div class=\"premium-banner-ib-content premium_banner_content\">\n\t\t\t\t\t\t<p>Wir suchen einen Vorarbeiter mit Deutschkenntnissen.<\/p>\t\t\t\t\t<\/div>\n\t\t\t\t\n\t\t\t\t\n\t\t\t\t\t\t\t<\/div>\n\t\t\t\t\t<\/div>\n\n\t\t\t\t\t\t<\/div>\n\t\t\t\t\t<\/div>\n\t\t\t\t<\/div>\n\t\t\t\t\t<\/div>\n\t\t<\/div>\n\t\t\t\t\t<\/div>\n\t\t<\/section>\n\t\t\t\t<section class=\"elementor-section elementor-inner-section elementor-element elementor-element-fa3a051 elementor-section-boxed elementor-section-height-default elementor-section-height-default\" data-id=\"fa3a051\" data-element_type=\"section\" data-e-type=\"section\" data-settings=\"{&quot;_ha_eqh_enable&quot;:false}\">\n\t\t\t\t\t\t<div class=\"elementor-container elementor-column-gap-default\">\n\t\t\t\t\t<div class=\"elementor-column elementor-col-100 elementor-inner-column elementor-element elementor-element-b5200c4\" data-id=\"b5200c4\" data-element_type=\"column\" data-e-type=\"column\">\n\t\t\t<div class=\"elementor-widget-wrap elementor-element-populated\">\n\t\t\t\t\t\t<div class=\"elementor-element elementor-element-52f13b7 elementor-widget-divider--view-line elementor-widget elementor-widget-divider\" data-id=\"52f13b7\" data-element_type=\"widget\" data-e-type=\"widget\" data-widget_type=\"divider.default\">\n\t\t\t\t\t\t\t<div class=\"elementor-divider\">\n\t\t\t<span class=\"elementor-divider-separator\">\n\t\t\t\t\t\t<\/span>\n\t\t<\/div>\n\t\t\t\t\t\t<\/div>\n\t\t\t\t<div class=\"elementor-element elementor-element-7730030 ekit_wpForms_container-form-button-custom elementor-widget elementor-widget-elementskit-wp-forms\" data-id=\"7730030\" data-element_type=\"widget\" data-e-type=\"widget\" data-widget_type=\"elementskit-wp-forms.default\">\n\t\t\t\t<div class=\"elementor-widget-container\">\n\t\t\t\t\t<div class=\"ekit-wid-con ekit_wpForms_container\"><div class=\"wpforms-container wpforms-container-full\" id=\"wpforms-1216\"><form id=\"wpforms-form-1216\" class=\"wpforms-validate wpforms-form wpforms-ajax-form\" data-formid=\"1216\" method=\"post\" enctype=\"multipart\/form-data\" action=\"\/index.php\/de\/jobs\/\" data-token=\"916a16643a331c902f7727b194f194a8\" data-token-time=\"1777118770\"><noscript class=\"wpforms-error-noscript\">Bitte aktiviere JavaScript in deinem Browser, um dieses Formular fertigzustellen.<\/noscript><div class=\"wpforms-field-container\"><div id=\"wpforms-1216-field_0-container\" class=\"wpforms-field wpforms-field-name\" data-field-id=\"0\"><label class=\"wpforms-field-label\" for=\"wpforms-1216-field_0\">Nachname <span class=\"wpforms-required-label\">*<\/span><\/label><input type=\"text\" id=\"wpforms-1216-field_0\" class=\"wpforms-field-medium wpforms-field-required\" name=\"wpforms[fields][0]\" required><\/div><div id=\"wpforms-1216-field_1-container\" class=\"wpforms-field wpforms-field-email\" data-field-id=\"1\"><label class=\"wpforms-field-label\" for=\"wpforms-1216-field_1\">E-Mail  <span class=\"wpforms-required-label\">*<\/span><\/label><input type=\"email\" id=\"wpforms-1216-field_1\" class=\"wpforms-field-medium wpforms-field-required\" name=\"wpforms[fields][1]\" spellcheck=\"false\" required><\/div><div id=\"wpforms-1216-field_3-container\" class=\"wpforms-field wpforms-field-radio\" data-field-id=\"3\"><label class=\"wpforms-field-label\">Bewerbung als<\/label><ul id=\"wpforms-1216-field_3\"><li class=\"choice-1 depth-1\"><input type=\"radio\" id=\"wpforms-1216-field_3_1\" name=\"wpforms[fields][3]\" value=\"TIG-Schwei\u00dfer\"  ><label class=\"wpforms-field-label-inline\" for=\"wpforms-1216-field_3_1\">TIG-Schwei\u00dfer<\/label><\/li><li class=\"choice-2 depth-1\"><input type=\"radio\" id=\"wpforms-1216-field_3_2\" name=\"wpforms[fields][3]\" value=\"Industrieanlagenmonteur\"  ><label class=\"wpforms-field-label-inline\" for=\"wpforms-1216-field_3_2\">Industrieanlagenmonteur<\/label><\/li><li class=\"choice-3 depth-1\"><input type=\"radio\" id=\"wpforms-1216-field_3_3\" name=\"wpforms[fields][3]\" value=\"Teamleader - Vorarbeiter\"  ><label class=\"wpforms-field-label-inline\" for=\"wpforms-1216-field_3_3\">Teamleader - Vorarbeiter<\/label><\/li><\/ul><\/div><div id=\"wpforms-1216-field_2-container\" class=\"wpforms-field wpforms-field-textarea\" data-field-id=\"2\"><label class=\"wpforms-field-label\" for=\"wpforms-1216-field_2\">Inhalt der Nachricht:<\/label><textarea id=\"wpforms-1216-field_2\" class=\"wpforms-field-medium\" name=\"wpforms[fields][2]\" ><\/textarea><\/div><\/div><!-- .wpforms-field-container -->\r\n\t\t\t<script>\r\n\t\t\tif ( typeof huOptions !== 'undefined' ) {\r\n\t\t\t\tvar huFormData = {\"source\":\"wpforms\",\"id\":1216,\"title\":\"Kontakt Wiktoria Trojanowska\",\"fields\":{\"subject\":{\"first_name\":\"\",\"last_name\":\"\"}}};\r\n\t\t\t\tvar huFormNode = document.querySelector( '[id=\"wpforms-1216\"] form' );\r\n\r\n\t\t\t\tvar firstName = huFormNode.querySelector( 'input.wpforms-field-name-first' );\r\n\t\t\t\tvar lastName = huFormNode.querySelector( 'input.wpforms-field-name-last' );\r\n\r\n\t\t\t\tif ( firstName )\r\n\t\t\t\t\thuFormData['fields']['subject']['first_name'] = firstName.getAttribute( 'name' );\r\n\r\n\t\t\t\tif ( lastName )\r\n\t\t\t\t\thuFormData['fields']['subject']['last_name'] = lastName.getAttribute( 'name' );\r\n\r\n\t\t\t\thuFormData['node'] = huFormNode;\r\n\t\t\t\thuOptions['forms'].push( huFormData );\r\n\t\t\t}\r\n\t\t\t<\/script><div class=\"wpforms-recaptcha-container wpforms-is-recaptcha wpforms-is-recaptcha-type-v2\" ><div class=\"g-recaptcha\" data-sitekey=\"6LcTeksjAAAAAKm_4WvqvrOyHUWcMkdSCm6kvVQ1\"><\/div><input type=\"text\" name=\"g-recaptcha-hidden\" class=\"wpforms-recaptcha-hidden\" style=\"position:absolute!important;clip:rect(0,0,0,0)!important;height:1px!important;width:1px!important;border:0!important;overflow:hidden!important;padding:0!important;margin:0!important;\" data-rule-recaptcha=\"1\"><\/div><div class=\"wpforms-submit-container\" ><input type=\"hidden\" name=\"wpforms[id]\" value=\"1216\"><input type=\"hidden\" name=\"page_title\" value=\"Jobs\"><input type=\"hidden\" name=\"page_url\" value=\"https:\/\/iwex.olsztyn.pl\/index.php\/de\/jobs\/\"><input type=\"hidden\" name=\"url_referer\" value=\"\"><input type=\"hidden\" name=\"page_id\" value=\"1019\"><input type=\"hidden\" name=\"wpforms[post_id]\" value=\"1019\"><button type=\"submit\" name=\"wpforms[submit]\" id=\"wpforms-submit-1216\" class=\"wpforms-submit\" data-alt-text=\"Senden...\" data-submit-text=\"Senden\" aria-live=\"assertive\" value=\"wpforms-submit\">Senden<\/button><img loading=\"lazy\" decoding=\"async\" src=\"https:\/\/iwex.olsztyn.pl\/wp-content\/plugins\/wpforms-lite\/assets\/images\/submit-spin.svg\" class=\"wpforms-submit-spinner\" style=\"display: none;\" width=\"26\" height=\"26\" alt=\"Wird geladen\"><\/div><\/form><\/div>  <!-- .wpforms-container --><\/div>\t\t\t\t<\/div>\n\t\t\t\t<\/div>\n\t\t\t\t<div class=\"elementor-element elementor-element-6e8d5ae elementor-widget-divider--view-line elementor-widget elementor-widget-divider\" data-id=\"6e8d5ae\" data-element_type=\"widget\" data-e-type=\"widget\" data-widget_type=\"divider.default\">\n\t\t\t\t\t\t\t<div class=\"elementor-divider\">\n\t\t\t<span class=\"elementor-divider-separator\">\n\t\t\t\t\t\t<\/span>\n\t\t<\/div>\n\t\t\t\t\t\t<\/div>\n\t\t\t\t<div class=\"elementor-element elementor-element-a9d2645 elementor-widget elementor-widget-heading\" data-id=\"a9d2645\" data-element_type=\"widget\" data-e-type=\"widget\" data-widget_type=\"heading.default\">\n\t\t\t\t\t<h2 class=\"elementor-heading-title elementor-size-default\">Bitte reichen Sie Ihren Lebenslauf per E-Mail ein:<\/h2>\t\t\t\t<\/div>\n\t\t\t\t\t<\/div>\n\t\t<\/div>\n\t\t\t\t\t<\/div>\n\t\t<\/section>\n\t\t\t\t<div class=\"elementor-element elementor-element-a2b09c8 elementor-widget elementor-widget-text-editor\" data-id=\"a2b09c8\" data-element_type=\"widget\" data-e-type=\"widget\" data-widget_type=\"text-editor.default\">\n\t\t\t\t\t\t\t\t\t<p><a href=\"mailto:w.trojanowska@iwex.olsztyn.pl\">w.trojanowska@iwex.olsztyn.pl<\/a><\/p>\t\t\t\t\t\t\t\t<\/div>\n\t\t\t\t\t<\/div>\n\t\t<\/div>\n\t\t\t\t\t<\/div>\n\t\t<\/section>\n\t\t\t\t<\/div>\n\t\t","protected":false},"excerpt":{"rendered":"<p>BEGLEITEN SIE UNS! Wenn Sie sich f\u00fcr das Schwei\u00dfen und die Montage von Edelstahlelementen interessieren &#8211; IWEX Sp. z o.o. Dies ist der richtige Ort f\u00fcr Sie. Kontaktieren Sie uns und wir beantworten Ihre Fragen. Wir suchen Mitarbeiter f\u00fcr folgende Stellen: TIG-Schwei\u00dfer Wir suchen erfahrene TIG-Schwei\u00dfer mit vorz\u00fcglichen Schwei\u00dfer-Qualifikationen. Industrieanlagen-monteur Wir suchen erfahrene Rohrleitungsmonteure mit [&hellip;]<\/p>\n","protected":false},"author":3,"featured_media":0,"parent":0,"menu_order":0,"comment_status":"closed","ping_status":"closed","template":"","meta":{"ocean_post_layout":"full-screen","ocean_both_sidebars_style":"","ocean_both_sidebars_content_width":0,"ocean_both_sidebars_sidebars_width":0,"ocean_sidebar":"0","ocean_second_sidebar":"0","ocean_disable_margins":"enable","ocean_add_body_class":"","ocean_shortcode_before_top_bar":"","ocean_shortcode_after_top_bar":"","ocean_shortcode_before_header":"","ocean_shortcode_after_header":"","ocean_has_shortcode":"","ocean_shortcode_after_title":"","ocean_shortcode_before_footer_widgets":"","ocean_shortcode_after_footer_widgets":"","ocean_shortcode_before_footer_bottom":"","ocean_shortcode_after_footer_bottom":"","ocean_display_top_bar":"off","ocean_display_header":"default","ocean_header_style":"","ocean_center_header_left_menu":"0","ocean_custom_header_template":"0","ocean_custom_logo":0,"ocean_custom_retina_logo":0,"ocean_custom_logo_max_width":0,"ocean_custom_logo_tablet_max_width":0,"ocean_custom_logo_mobile_max_width":0,"ocean_custom_logo_max_height":0,"ocean_custom_logo_tablet_max_height":0,"ocean_custom_logo_mobile_max_height":0,"ocean_header_custom_menu":"0","ocean_menu_typo_font_family":"0","ocean_menu_typo_font_subset":"","ocean_menu_typo_font_size":0,"ocean_menu_typo_font_size_tablet":0,"ocean_menu_typo_font_size_mobile":0,"ocean_menu_typo_font_size_unit":"px","ocean_menu_typo_font_weight":"","ocean_menu_typo_font_weight_tablet":"","ocean_menu_typo_font_weight_mobile":"","ocean_menu_typo_transform":"","ocean_menu_typo_transform_tablet":"","ocean_menu_typo_transform_mobile":"","ocean_menu_typo_line_height":0,"ocean_menu_typo_line_height_tablet":0,"ocean_menu_typo_line_height_mobile":0,"ocean_menu_typo_line_height_unit":"","ocean_menu_typo_spacing":0,"ocean_menu_typo_spacing_tablet":0,"ocean_menu_typo_spacing_mobile":0,"ocean_menu_typo_spacing_unit":"","ocean_menu_link_color":"","ocean_menu_link_color_hover":"","ocean_menu_link_color_active":"","ocean_menu_link_background":"","ocean_menu_link_hover_background":"","ocean_menu_link_active_background":"","ocean_menu_social_links_bg":"","ocean_menu_social_hover_links_bg":"","ocean_menu_social_links_color":"","ocean_menu_social_hover_links_color":"","ocean_disable_title":"on","ocean_disable_heading":"default","ocean_post_title":"","ocean_post_subheading":"","ocean_post_title_style":"","ocean_post_title_background_color":"","ocean_post_title_background":0,"ocean_post_title_bg_image_position":"","ocean_post_title_bg_image_attachment":"","ocean_post_title_bg_image_repeat":"","ocean_post_title_bg_image_size":"","ocean_post_title_height":0,"ocean_post_title_bg_overlay":0.5,"ocean_post_title_bg_overlay_color":"","ocean_disable_breadcrumbs":"default","ocean_breadcrumbs_color":"","ocean_breadcrumbs_separator_color":"","ocean_breadcrumbs_links_color":"","ocean_breadcrumbs_links_hover_color":"","ocean_display_footer_widgets":"off","ocean_display_footer_bottom":"off","ocean_custom_footer_template":"0","footnotes":""},"class_list":["post-1019","page","type-page","status-publish","hentry","entry"],"_links":{"self":[{"href":"https:\/\/iwex.olsztyn.pl\/index.php\/wp-json\/wp\/v2\/pages\/1019","targetHints":{"allow":["GET"]}}],"collection":[{"href":"https:\/\/iwex.olsztyn.pl\/index.php\/wp-json\/wp\/v2\/pages"}],"about":[{"href":"https:\/\/iwex.olsztyn.pl\/index.php\/wp-json\/wp\/v2\/types\/page"}],"author":[{"embeddable":true,"href":"https:\/\/iwex.olsztyn.pl\/index.php\/wp-json\/wp\/v2\/users\/3"}],"replies":[{"embeddable":true,"href":"https:\/\/iwex.olsztyn.pl\/index.php\/wp-json\/wp\/v2\/comments?post=1019"}],"version-history":[{"count":61,"href":"https:\/\/iwex.olsztyn.pl\/index.php\/wp-json\/wp\/v2\/pages\/1019\/revisions"}],"predecessor-version":[{"id":5154,"href":"https:\/\/iwex.olsztyn.pl\/index.php\/wp-json\/wp\/v2\/pages\/1019\/revisions\/5154"}],"wp:attachment":[{"href":"https:\/\/iwex.olsztyn.pl\/index.php\/wp-json\/wp\/v2\/media?parent=1019"}],"curies":[{"name":"wp","href":"https:\/\/api.w.org\/{rel}","templated":true}]}}