{"id":2494,"date":"2023-09-02T15:55:18","date_gmt":"2023-09-02T13:55:18","guid":{"rendered":"https:\/\/iwex.olsztyn.pl\/?page_id=2494"},"modified":"2025-02-17T18:38:54","modified_gmt":"2025-02-17T17:38:54","slug":"praca-spawacz-tig","status":"publish","type":"page","link":"https:\/\/iwex.olsztyn.pl\/index.php\/strona-glowna\/praca\/praca-spawacz-tig\/","title":{"rendered":"Praca &#8211; Spawacz TIG"},"content":{"rendered":"\t\t<div data-elementor-type=\"wp-page\" data-elementor-id=\"2494\" class=\"elementor elementor-2494\" data-elementor-settings=\"{&quot;ha_cmc_init_switcher&quot;:&quot;no&quot;}\" data-elementor-post-type=\"page\">\n\t\t\t\t\t\t<section class=\"elementor-section elementor-top-section elementor-element elementor-element-ce34c3a elementor-section-stretched elementor-section-full_width elementor-section-content-middle elementor-reverse-mobile elementor-section-height-default elementor-section-height-default\" data-id=\"ce34c3a\" data-element_type=\"section\" data-e-type=\"section\" data-settings=\"{&quot;stretch_section&quot;:&quot;section-stretched&quot;,&quot;background_background&quot;:&quot;classic&quot;,&quot;_ha_eqh_enable&quot;:false}\">\n\t\t\t\t\t\t\t<div class=\"elementor-background-overlay\"><\/div>\n\t\t\t\t\t\t\t<div class=\"elementor-container elementor-column-gap-default\">\n\t\t\t\t\t<div class=\"elementor-column elementor-col-100 elementor-top-column elementor-element elementor-element-e1e8e30\" data-id=\"e1e8e30\" data-element_type=\"column\" data-e-type=\"column\">\n\t\t\t<div class=\"elementor-widget-wrap elementor-element-populated\">\n\t\t\t\t\t\t<section class=\"elementor-section elementor-inner-section elementor-element elementor-element-ea8ad65 elementor-section-boxed elementor-section-height-default elementor-section-height-default\" data-id=\"ea8ad65\" data-element_type=\"section\" data-e-type=\"section\" data-settings=\"{&quot;_ha_eqh_enable&quot;:false}\">\n\t\t\t\t\t\t<div class=\"elementor-container elementor-column-gap-default\">\n\t\t\t\t\t<div class=\"elementor-column elementor-col-100 elementor-inner-column elementor-element elementor-element-9839f67\" data-id=\"9839f67\" data-element_type=\"column\" data-e-type=\"column\">\n\t\t\t<div class=\"elementor-widget-wrap elementor-element-populated\">\n\t\t\t\t\t\t<div class=\"elementor-element elementor-element-12efbaf elementor-widget elementor-widget-heading\" data-id=\"12efbaf\" data-element_type=\"widget\" data-e-type=\"widget\" data-widget_type=\"heading.default\">\n\t\t\t\t\t<h1 class=\"elementor-heading-title elementor-size-default\">Spawacz TIG<\/h1>\t\t\t\t<\/div>\n\t\t\t\t\t<\/div>\n\t\t<\/div>\n\t\t\t\t\t<\/div>\n\t\t<\/section>\n\t\t\t\t<div class=\"elementor-element elementor-element-e1be82a elementor-widget elementor-widget-image\" data-id=\"e1be82a\" data-element_type=\"widget\" data-e-type=\"widget\" data-widget_type=\"image.default\">\n\t\t\t\t\t\t\t\t\t\t\t\t\t\t\t<img fetchpriority=\"high\" decoding=\"async\" width=\"600\" height=\"357\" src=\"https:\/\/iwex.olsztyn.pl\/wp-content\/uploads\/2024\/03\/spawacz_TIG-600x357.webp\" class=\"attachment-ocean-thumb-m size-ocean-thumb-m wp-image-4154\" alt=\"spawacz TIG\" \/>\t\t\t\t\t\t\t\t\t\t\t\t\t\t\t<\/div>\n\t\t\t\t<section class=\"elementor-section elementor-inner-section elementor-element elementor-element-ab827d2 elementor-section-boxed elementor-section-height-default elementor-section-height-default\" data-id=\"ab827d2\" data-element_type=\"section\" data-e-type=\"section\" data-settings=\"{&quot;_ha_eqh_enable&quot;:false}\">\n\t\t\t\t\t\t<div class=\"elementor-container elementor-column-gap-default\">\n\t\t\t\t\t<div class=\"elementor-column elementor-col-100 elementor-inner-column elementor-element elementor-element-e19dfde\" data-id=\"e19dfde\" data-element_type=\"column\" data-e-type=\"column\">\n\t\t\t<div class=\"elementor-widget-wrap elementor-element-populated\">\n\t\t\t\t\t\t<div class=\"elementor-element elementor-element-fba592b elementor-widget__width-inherit elementor-widget elementor-widget-text-editor\" data-id=\"fba592b\" data-element_type=\"widget\" data-e-type=\"widget\" data-widget_type=\"text-editor.default\">\n\t\t\t\t\t\t\t\t\t<p style=\"text-align: center; padding-left: 40px;\"><strong>Tw\u00f3j zakres obowi\u0105zk\u00f3w:<\/strong><\/p><ul><li>Przygotowywanie materia\u0142\u00f3w do spawania.<\/li><li>Znajomo\u015b\u0107 rysunku izometrycznego.<\/li><li>Ustawianie parametr\u00f3w spawania.<\/li><li>Spawanie metod\u0105 TIG na r\u00f3\u017cnych materia\u0142ach i grubo\u015bciach.<\/li><li>Wykonywanie spoin w okre\u015blonych pozycjach.<\/li><li>Ocena jako\u015bci spoin i wykonywanie napraw.<\/li><li>Obs\u0142uga i konserwacja urz\u0105dze\u0144 spawalniczych.<\/li><li>Zachowanie czysto\u015bci i porz\u0105dku na stanowisku pracy.<\/li><li>Przestrzeganie przepis\u00f3w BHP i Ppo\u017c.<\/li><li>Wsp\u00f3\u0142praca z innymi pracownikami przy realizacji projekt\u00f3w.<\/li><\/ul><p style=\"text-align: center;\"><strong>Nasze wymagania:<\/strong><\/p><ul><li>Do\u015bwiadczenia w spawaniu metod\u0105 TIG (minimum 3 lata, poparte wykonaniem pr\u00f3bki spawalniczej).<\/li><li>Znajomo\u015bci rysunku izometrycznego.<\/li><li>Znajomo\u015bci materia\u0142\u00f3w spawalniczych oraz ich w\u0142a\u015bciwo\u015bci.<\/li><li>Certyfikatu spawalniczego potwierdzaj\u0105cego umiej\u0119tno\u015bci spawania metod\u0105 TIG.<\/li><li>Umiej\u0119tno\u015bci pracy wed\u0142ug norm, wytycznych i procedur BHP.<\/li><li>Precyzji i skrupulatno\u015bci w wykonywaniu pracy.<\/li><li>Samodzielno\u015bci w wykonywaniu zada\u0144, ale r\u00f3wnie\u017c umiej\u0119tno\u015bci pracy w zespole.<\/li><li>Odpowiedzialno\u015bci za powierzone mu zadania i rzetelno\u015bci w wykonywaniu ich.<\/li><\/ul><p style=\"text-align: center;\"><strong>Oferujemy:<\/strong><\/p><ul><li>Sta\u0142e zatrudnienie na podstawie umowy o prac\u0119, lub umowy zlecenie.<\/li><li>Dofinansowanie szkole\u0144 i kurs\u00f3w.<\/li><li>Atrakcyjne wynagrodzenie adekwatne do do\u015bwiadczenia i umiej\u0119tno\u015bci.<\/li><li>Dodatkowe benefity pozap\u0142acowe.<\/li><li>Zapewnienie transportu do pracy lub domu.<\/li><li>Zapewnienie zakwaterowania podczas delegacji.<\/li><li>Mo\u017cliwo\u015b\u0107 do\u0142\u0105czenia do ubezpieczenia grupowego.<\/li><\/ul>\t\t\t\t\t\t\t\t<\/div>\n\t\t\t\t<div class=\"elementor-element elementor-element-2dc3e27 elementor-widget elementor-widget-spacer\" data-id=\"2dc3e27\" data-element_type=\"widget\" data-e-type=\"widget\" data-widget_type=\"spacer.default\">\n\t\t\t\t\t\t\t<div class=\"elementor-spacer\">\n\t\t\t<div class=\"elementor-spacer-inner\"><\/div>\n\t\t<\/div>\n\t\t\t\t\t\t<\/div>\n\t\t\t\t<div class=\"elementor-element elementor-element-e58555c elementor-widget elementor-widget-premium-addon-image-separator\" data-id=\"e58555c\" data-element_type=\"widget\" data-e-type=\"widget\" data-widget_type=\"premium-addon-image-separator.default\">\n\t\t\t\t\t\n\t<div class=\"premium-image-separator-container\">\n\t\t\t\t\t<img decoding=\"async\" src=\"https:\/\/iwex.olsztyn.pl\/wp-content\/uploads\/2022\/08\/PNG-EFEKT-STAL-2.webp\" alt=\"IWEX Sp. z O.O.\">\n\t\t\t\n\t\t\t<\/div>\n\t\t\t\t\t\t<\/div>\n\t\t\t\t\t<\/div>\n\t\t<\/div>\n\t\t\t\t\t<\/div>\n\t\t<\/section>\n\t\t\t\t<div class=\"elementor-element elementor-element-9023f40 elementor-widget elementor-widget-spacer\" data-id=\"9023f40\" data-element_type=\"widget\" data-e-type=\"widget\" data-widget_type=\"spacer.default\">\n\t\t\t\t\t\t\t<div class=\"elementor-spacer\">\n\t\t\t<div class=\"elementor-spacer-inner\"><\/div>\n\t\t<\/div>\n\t\t\t\t\t\t<\/div>\n\t\t<div class=\"elementor-element elementor-element-32594cc e-flex e-con-boxed e-con e-parent\" data-id=\"32594cc\" data-element_type=\"container\" data-e-type=\"container\" data-settings=\"{&quot;_ha_eqh_enable&quot;:false}\">\n\t\t\t\t\t<div class=\"e-con-inner\">\n\t\t\t\t<div class=\"elementor-element elementor-element-0f061bd ekit_wpForms_container-form-button-custom elementor-widget elementor-widget-elementskit-wp-forms\" data-id=\"0f061bd\" data-element_type=\"widget\" data-e-type=\"widget\" data-widget_type=\"elementskit-wp-forms.default\">\n\t\t\t\t<div class=\"elementor-widget-container\">\n\t\t\t\t\t<div class=\"ekit-wid-con ekit_wpForms_container\"><div class=\"wpforms-container wpforms-container-full\" id=\"wpforms-715\"><form id=\"wpforms-form-715\" class=\"wpforms-validate wpforms-form wpforms-ajax-form\" data-formid=\"715\" method=\"post\" enctype=\"multipart\/form-data\" action=\"\/index.php\/wp-json\/wp\/v2\/pages\/2494\" data-token=\"d52de901345e7d3dfd9de5fe9cb3b507\" data-token-time=\"1777884388\"><noscript class=\"wpforms-error-noscript\">Aby wype\u0142ni\u0107 ten formularz, w\u0142\u0105cz obs\u0142ug\u0119 JavaScript w przegl\u0105darce.<\/noscript><div class=\"wpforms-field-container\"><div id=\"wpforms-715-field_0-container\" class=\"wpforms-field wpforms-field-name\" data-field-id=\"0\"><label class=\"wpforms-field-label\" for=\"wpforms-715-field_0\">Nazwisko <span class=\"wpforms-required-label\">*<\/span><\/label><input type=\"text\" id=\"wpforms-715-field_0\" class=\"wpforms-field-medium wpforms-field-required\" name=\"wpforms[fields][0]\" required><\/div><div id=\"wpforms-715-field_1-container\" class=\"wpforms-field wpforms-field-email\" data-field-id=\"1\"><label class=\"wpforms-field-label\" for=\"wpforms-715-field_1\">Email <span class=\"wpforms-required-label\">*<\/span><\/label><input type=\"email\" id=\"wpforms-715-field_1\" class=\"wpforms-field-medium wpforms-field-required\" name=\"wpforms[fields][1]\" spellcheck=\"false\" required><\/div><div id=\"wpforms-715-field_3-container\" class=\"wpforms-field wpforms-field-radio\" data-field-id=\"3\"><label class=\"wpforms-field-label\">Aplikowane stanowisko<\/label><ul id=\"wpforms-715-field_3\"><li class=\"choice-1 depth-1\"><input type=\"radio\" id=\"wpforms-715-field_3_1\" name=\"wpforms[fields][3]\" value=\"Spawacz TIG\"  ><label class=\"wpforms-field-label-inline\" for=\"wpforms-715-field_3_1\">Spawacz TIG<\/label><\/li><li class=\"choice-4 depth-1\"><input type=\"radio\" id=\"wpforms-715-field_3_4\" name=\"wpforms[fields][3]\" value=\"Spawacz MIG MAG TIG\"  ><label class=\"wpforms-field-label-inline\" for=\"wpforms-715-field_3_4\">Spawacz MIG MAG TIG<\/label><\/li><li class=\"choice-2 depth-1\"><input type=\"radio\" id=\"wpforms-715-field_3_2\" name=\"wpforms[fields][3]\" value=\"Monter \u2013 \u015alusarz\"  ><label class=\"wpforms-field-label-inline\" for=\"wpforms-715-field_3_2\">Monter \u2013 \u015alusarz<\/label><\/li><li class=\"choice-3 depth-1\"><input type=\"radio\" id=\"wpforms-715-field_3_3\" name=\"wpforms[fields][3]\" value=\"Monter ze znajomo\u015bci\u0105 rysunku izometrycznego\"  ><label class=\"wpforms-field-label-inline\" for=\"wpforms-715-field_3_3\">Monter ze znajomo\u015bci\u0105 rysunku izometrycznego<\/label><\/li><\/ul><\/div><div id=\"wpforms-715-field_2-container\" class=\"wpforms-field wpforms-field-textarea\" data-field-id=\"2\"><label class=\"wpforms-field-label\" for=\"wpforms-715-field_2\">Tre\u015b\u0107 wiadomo\u015bci:<\/label><textarea id=\"wpforms-715-field_2\" class=\"wpforms-field-medium\" name=\"wpforms[fields][2]\" ><\/textarea><\/div><\/div><!-- .wpforms-field-container -->\r\n\t\t\t<script>\r\n\t\t\tif ( typeof huOptions !== 'undefined' ) {\r\n\t\t\t\tvar huFormData = {\"source\":\"wpforms\",\"id\":715,\"title\":\"Oferty pracy - Wiktoria Trojanowska\",\"fields\":{\"subject\":{\"first_name\":\"\",\"last_name\":\"\"}}};\r\n\t\t\t\tvar huFormNode = document.querySelector( '[id=\"wpforms-715\"] form' );\r\n\r\n\t\t\t\tvar firstName = huFormNode.querySelector( 'input.wpforms-field-name-first' );\r\n\t\t\t\tvar lastName = huFormNode.querySelector( 'input.wpforms-field-name-last' );\r\n\r\n\t\t\t\tif ( firstName )\r\n\t\t\t\t\thuFormData['fields']['subject']['first_name'] = firstName.getAttribute( 'name' );\r\n\r\n\t\t\t\tif ( lastName )\r\n\t\t\t\t\thuFormData['fields']['subject']['last_name'] = lastName.getAttribute( 'name' );\r\n\r\n\t\t\t\thuFormData['node'] = huFormNode;\r\n\t\t\t\thuOptions['forms'].push( huFormData );\r\n\t\t\t}\r\n\t\t\t<\/script><div class=\"wpforms-recaptcha-container wpforms-is-recaptcha wpforms-is-recaptcha-type-v2\" ><div class=\"g-recaptcha\" data-sitekey=\"6LcTeksjAAAAAKm_4WvqvrOyHUWcMkdSCm6kvVQ1\"><\/div><input type=\"text\" name=\"g-recaptcha-hidden\" class=\"wpforms-recaptcha-hidden\" style=\"position:absolute!important;clip:rect(0,0,0,0)!important;height:1px!important;width:1px!important;border:0!important;overflow:hidden!important;padding:0!important;margin:0!important;\" data-rule-recaptcha=\"1\"><\/div><div class=\"wpforms-submit-container\" ><input type=\"hidden\" name=\"wpforms[id]\" value=\"715\"><input type=\"hidden\" name=\"page_title\" value=\"\"><input type=\"hidden\" name=\"page_url\" value=\"https:\/\/iwex.olsztyn.pl\/index.php\/wp-json\/wp\/v2\/pages\/2494\"><input type=\"hidden\" name=\"url_referer\" value=\"\"><button type=\"submit\" name=\"wpforms[submit]\" id=\"wpforms-submit-715\" class=\"wpforms-submit\" data-alt-text=\"Wysy\u0142anie...\" data-submit-text=\"Wy\u015blij\" aria-live=\"assertive\" value=\"wpforms-submit\">Wy\u015blij<\/button><img decoding=\"async\" src=\"https:\/\/iwex.olsztyn.pl\/wp-content\/plugins\/wpforms-lite\/assets\/images\/submit-spin.svg\" class=\"wpforms-submit-spinner\" style=\"display: none;\" width=\"26\" height=\"26\" alt=\"Wczytywanie\"><\/div><\/form><\/div>  <!-- .wpforms-container --><\/div>\t\t\t\t<\/div>\n\t\t\t\t<\/div>\n\t\t\t\t\t<\/div>\n\t\t\t\t<\/div>\n\t\t\t\t<div class=\"elementor-element elementor-element-54cafb5 elementor-widget-divider--view-line elementor-widget elementor-widget-divider\" data-id=\"54cafb5\" data-element_type=\"widget\" data-e-type=\"widget\" data-widget_type=\"divider.default\">\n\t\t\t\t\t\t\t<div class=\"elementor-divider\">\n\t\t\t<span class=\"elementor-divider-separator\">\n\t\t\t\t\t\t<\/span>\n\t\t<\/div>\n\t\t\t\t\t\t<\/div>\n\t\t\t\t<div class=\"elementor-element elementor-element-5402fa8 elementor-widget elementor-widget-heading\" data-id=\"5402fa8\" data-element_type=\"widget\" data-e-type=\"widget\" data-widget_type=\"heading.default\">\n\t\t\t\t\t<h1 class=\"elementor-heading-title elementor-size-medium\">ZASTRZEGAMY SOBIE PRAWO SKONTAKTOWANIA SI\u0118 TYLKO Z WYBRANYMI OSOBAMI.<\/h1>\t\t\t\t<\/div>\n\t\t\t\t<div class=\"elementor-element elementor-element-9b5c0fd elementor-widget elementor-widget-text-editor\" data-id=\"9b5c0fd\" data-element_type=\"widget\" data-e-type=\"widget\" data-widget_type=\"text-editor.default\">\n\t\t\t\t\t\t\t\t\t<p style=\"text-align: center;\">Kandydat\u00f3w do pracy prosimy o\u00a0zamieszczenie i podpisanie w CV poni\u017cszego o\u015bwiadczenia:<\/p><p style=\"text-align: center;\">&#8222;Zgadzam si\u0119 na wykorzystanie przez firm\u0119 IWEX Sp. z o.o. z siedzib\u0105 przy ul. Chabrowa 10, 11-034 Stawiguda, danych osobowych zgodnie z obowi\u0105zuj\u0105c\u0105 Ustaw\u0105 o Ochronie Danych Osobowych (Dz.U.2002 r. Nr 101 poz. 926), a\u017c do momentu pisemnego wycofania zgody. Potwierdzam, \u017ce zosta\u0142em poinformowany o prawach do zmiany, dost\u0119pu i ochrony tych danych&#8221;.<\/p>\t\t\t\t\t\t\t\t<\/div>\n\t\t\t\t<div class=\"elementor-element elementor-element-f36aa47 elementor-widget-divider--view-line elementor-widget elementor-widget-divider\" data-id=\"f36aa47\" data-element_type=\"widget\" data-e-type=\"widget\" data-widget_type=\"divider.default\">\n\t\t\t\t\t\t\t<div class=\"elementor-divider\">\n\t\t\t<span class=\"elementor-divider-separator\">\n\t\t\t\t\t\t<\/span>\n\t\t<\/div>\n\t\t\t\t\t\t<\/div>\n\t\t\t\t<div class=\"elementor-element elementor-element-9f7aa7a elementor-widget elementor-widget-heading\" data-id=\"9f7aa7a\" data-element_type=\"widget\" data-e-type=\"widget\" data-widget_type=\"heading.default\">\n\t\t\t\t\t<h2 class=\"elementor-heading-title elementor-size-default\">CV mo\u017cna sk\u0142ada\u0107 poprzez maila:<\/h2>\t\t\t\t<\/div>\n\t\t\t\t<div class=\"elementor-element elementor-element-dbc1873 elementor-widget elementor-widget-text-editor\" data-id=\"dbc1873\" data-element_type=\"widget\" data-e-type=\"widget\" data-widget_type=\"text-editor.default\">\n\t\t\t\t\t\t\t\t\t<p><a href=\"mailto:w.trojanowska@iwex.olsztyn.pl\">w.trojanowska@iwex.olsztyn.pl<\/a><\/p>\t\t\t\t\t\t\t\t<\/div>\n\t\t\t\t\t<\/div>\n\t\t<\/div>\n\t\t\t\t\t<\/div>\n\t\t<\/section>\n\t\t\t\t<\/div>\n\t\t","protected":false},"excerpt":{"rendered":"<p>Spawacz TIG Tw\u00f3j zakres obowi\u0105zk\u00f3w: Przygotowywanie materia\u0142\u00f3w do spawania. Znajomo\u015b\u0107 rysunku izometrycznego. Ustawianie parametr\u00f3w spawania. Spawanie metod\u0105 TIG na r\u00f3\u017cnych materia\u0142ach i grubo\u015bciach. Wykonywanie spoin w okre\u015blonych pozycjach. Ocena jako\u015bci spoin i wykonywanie napraw. Obs\u0142uga i konserwacja urz\u0105dze\u0144 spawalniczych. Zachowanie czysto\u015bci i porz\u0105dku na stanowisku pracy. Przestrzeganie przepis\u00f3w BHP i Ppo\u017c. Wsp\u00f3\u0142praca z innymi pracownikami [&hellip;]<\/p>\n","protected":false},"author":3,"featured_media":0,"parent":512,"menu_order":1,"comment_status":"closed","ping_status":"closed","template":"","meta":{"ocean_post_layout":"full-screen","ocean_both_sidebars_style":"","ocean_both_sidebars_content_width":0,"ocean_both_sidebars_sidebars_width":0,"ocean_sidebar":"0","ocean_second_sidebar":"0","ocean_disable_margins":"enable","ocean_add_body_class":"","ocean_shortcode_before_top_bar":"","ocean_shortcode_after_top_bar":"","ocean_shortcode_before_header":"","ocean_shortcode_after_header":"","ocean_has_shortcode":"","ocean_shortcode_after_title":"","ocean_shortcode_before_footer_widgets":"","ocean_shortcode_after_footer_widgets":"","ocean_shortcode_before_footer_bottom":"","ocean_shortcode_after_footer_bottom":"","ocean_display_top_bar":"off","ocean_display_header":"default","ocean_header_style":"","ocean_center_header_left_menu":"0","ocean_custom_header_template":"0","ocean_custom_logo":0,"ocean_custom_retina_logo":0,"ocean_custom_logo_max_width":0,"ocean_custom_logo_tablet_max_width":0,"ocean_custom_logo_mobile_max_width":0,"ocean_custom_logo_max_height":0,"ocean_custom_logo_tablet_max_height":0,"ocean_custom_logo_mobile_max_height":0,"ocean_header_custom_menu":"0","ocean_menu_typo_font_family":"0","ocean_menu_typo_font_subset":"","ocean_menu_typo_font_size":0,"ocean_menu_typo_font_size_tablet":0,"ocean_menu_typo_font_size_mobile":0,"ocean_menu_typo_font_size_unit":"px","ocean_menu_typo_font_weight":"","ocean_menu_typo_font_weight_tablet":"","ocean_menu_typo_font_weight_mobile":"","ocean_menu_typo_transform":"","ocean_menu_typo_transform_tablet":"","ocean_menu_typo_transform_mobile":"","ocean_menu_typo_line_height":0,"ocean_menu_typo_line_height_tablet":0,"ocean_menu_typo_line_height_mobile":0,"ocean_menu_typo_line_height_unit":"","ocean_menu_typo_spacing":0,"ocean_menu_typo_spacing_tablet":0,"ocean_menu_typo_spacing_mobile":0,"ocean_menu_typo_spacing_unit":"","ocean_menu_link_color":"","ocean_menu_link_color_hover":"","ocean_menu_link_color_active":"","ocean_menu_link_background":"","ocean_menu_link_hover_background":"","ocean_menu_link_active_background":"","ocean_menu_social_links_bg":"","ocean_menu_social_hover_links_bg":"","ocean_menu_social_links_color":"","ocean_menu_social_hover_links_color":"","ocean_disable_title":"on","ocean_disable_heading":"default","ocean_post_title":"","ocean_post_subheading":"","ocean_post_title_style":"","ocean_post_title_background_color":"","ocean_post_title_background":0,"ocean_post_title_bg_image_position":"","ocean_post_title_bg_image_attachment":"","ocean_post_title_bg_image_repeat":"","ocean_post_title_bg_image_size":"","ocean_post_title_height":0,"ocean_post_title_bg_overlay":0.5,"ocean_post_title_bg_overlay_color":"","ocean_disable_breadcrumbs":"default","ocean_breadcrumbs_color":"","ocean_breadcrumbs_separator_color":"","ocean_breadcrumbs_links_color":"","ocean_breadcrumbs_links_hover_color":"","ocean_display_footer_widgets":"off","ocean_display_footer_bottom":"off","ocean_custom_footer_template":"0","footnotes":""},"class_list":["post-2494","page","type-page","status-publish","hentry","entry"],"_links":{"self":[{"href":"https:\/\/iwex.olsztyn.pl\/index.php\/wp-json\/wp\/v2\/pages\/2494","targetHints":{"allow":["GET"]}}],"collection":[{"href":"https:\/\/iwex.olsztyn.pl\/index.php\/wp-json\/wp\/v2\/pages"}],"about":[{"href":"https:\/\/iwex.olsztyn.pl\/index.php\/wp-json\/wp\/v2\/types\/page"}],"author":[{"embeddable":true,"href":"https:\/\/iwex.olsztyn.pl\/index.php\/wp-json\/wp\/v2\/users\/3"}],"replies":[{"embeddable":true,"href":"https:\/\/iwex.olsztyn.pl\/index.php\/wp-json\/wp\/v2\/comments?post=2494"}],"version-history":[{"count":56,"href":"https:\/\/iwex.olsztyn.pl\/index.php\/wp-json\/wp\/v2\/pages\/2494\/revisions"}],"predecessor-version":[{"id":5242,"href":"https:\/\/iwex.olsztyn.pl\/index.php\/wp-json\/wp\/v2\/pages\/2494\/revisions\/5242"}],"up":[{"embeddable":true,"href":"https:\/\/iwex.olsztyn.pl\/index.php\/wp-json\/wp\/v2\/pages\/512"}],"wp:attachment":[{"href":"https:\/\/iwex.olsztyn.pl\/index.php\/wp-json\/wp\/v2\/media?parent=2494"}],"curies":[{"name":"wp","href":"https:\/\/api.w.org\/{rel}","templated":true}]}}